{"id":135,"date":"2016-10-25T09:42:50","date_gmt":"2016-10-25T09:42:50","guid":{"rendered":"http:\/\/themebubble.com\/demo\/marketingpro\/?page_id=135"},"modified":"2019-04-30T03:07:09","modified_gmt":"2019-04-30T01:07:09","slug":"faq","status":"publish","type":"page","link":"https:\/\/redporlainfancia.org\/inspire\/faq\/","title":{"rendered":"FAQ"},"content":{"rendered":"<p>[vc_row][vc_column][rs_space lg_device=\u00bb100&#8243; md_device=\u00bb\u00bb sm_device=\u00bb50&#8243; xs_device=\u00bb30&#8243;][rs_section_heading big_heading=\u00bbPreguntas Frecuentes\u00bb][rs_space lg_device=\u00bb40&#8243; md_device=\u00bb\u00bb sm_device=\u00bb30&#8243; xs_device=\u00bb\u00bb][\/vc_column][\/vc_row][vc_row][vc_column][vc_accordion active=\u00bb1&#8243;][vc_accordion_tab title=\u00bb\u00bfQu\u00e9 es INSPIRE y el paquete t\u00e9cnico de INSPIRE?\u00bb][vc_column_text]<span style=\"font-weight: 400;\">Siete estrategias para poner fin a la violencia contra los ni\u00f1os es un paquete t\u00e9cnico basado en la evidencia para apoyar a los pa\u00edses en sus esfuerzos para prevenir y responder a la violencia contra los ni\u00f1os de 0 a 17 a\u00f1os. Las estrategias son: Implementaci\u00f3n y cumplimiento de las leyes; Normas y valores; Ambientes seguros; Apoyo de padres y cuidadores; Ingresos y fortalecimiento econ\u00f3mico; Servicios de respuesta y soporte; y Educaci\u00f3n y habilidades para la vida.<\/span><\/p>\n<p><span style=\"font-weight: 400;\">El paquete incluye:<\/span><\/p>\n<ul>\n<li><span style=\"font-weight: 400;\"> el documento central que describe cu\u00e1les son las estrategias e intervenciones de INSPIRE (INSPIRE: Siete estrategias para terminar con la violencia contra los ni\u00f1os (2016));<\/span><\/li>\n<li><span style=\"font-weight: 400;\"> un manual de implementaci\u00f3n con detalles sobre c\u00f3mo implementar las estrategias e intervenciones (manual INSPIRE: acci\u00f3n para implementar las siete estrategias para poner fin a la violencia contra los ni\u00f1os (2018))<\/span><\/li>\n<li><span style=\"font-weight: 400;\"> un marco de resultados y un conjunto de indicadores para monitorear la prevalencia de la violencia, los factores de riesgo y de protecci\u00f3n, y la implementaci\u00f3n y el impacto de las estrategias de INSPIRE (marco de orientaci\u00f3n y resultados del indicador INSPIRE &#8211; acabar con la violencia contra los ni\u00f1os: c\u00f3mo definir y medir el cambio (2018 )).<\/span><\/li>\n<\/ul>\n<p>[\/vc_column_text][\/vc_accordion_tab][vc_accordion_tab title=\u00bb\u00bfC\u00f3mo se identificaron las estrategias e intervenciones?\u00bb][vc_column_text]<span style=\"font-weight: 400;\">Las estrategias y la mayor\u00eda de las intervenciones incluidas en INSPIRE se identificaron a trav\u00e9s de revisiones de bibliograf\u00eda cient\u00edfica sobre lo que funciona para prevenir y responder a la violencia contra los ni\u00f1os. Se incluyeron intervenciones que han demostrado ser efectivas para reducir la prevalencia de la violencia contra los ni\u00f1os y los factores de riesgo para dicha violencia, y para fortalecer los factores que la protegen, y se dio preferencia a aquellos que han sido evaluados en pa\u00edses de ingresos bajos y medios. Se incluye tambi\u00e9n una peque\u00f1a cantidad de intervenciones no respaldadas por evidencia, pero consideradas por los tratados o resoluciones globales como cr\u00edticas para reducir la violencia contra los ni\u00f1os y algunas demostradas por estudios cualitativos u observacionales de prometedor valor preventivo. Los criterios detallados para la inclusi\u00f3n se establecen en la Secci\u00f3n III del documento b\u00e1sico de INSPIRE.<\/span>[\/vc_column_text][\/vc_accordion_tab][vc_accordion_tab title=\u00bb\u00bfCu\u00e1l es la diferencia entre el documento b\u00e1sico de INSPIRE y el manual?\u00bb][vc_column_text]<span style=\"font-weight: 400;\">El documento central especifica qu\u00e9 se debe hacer al describir las siete estrategias de INSPIRE y resume la evidencia de la efectividad de los enfoques e intervenciones incluidas dentro de cada estrategia. El manual proporciona una gu\u00eda detallada sobre c\u00f3mo implementar INSPIRE como un todo y c\u00f3mo implementar cada una de las intervenciones que incluye.<\/span>[\/vc_column_text][\/vc_accordion_tab][vc_accordion_tab title=\u00bb\u00bfPuede ser, el paquete t\u00e9cnico de INSPIRE, el recurso para terminar con la violencia contra los ni\u00f1os?\u00bb][vc_column_text]<span style=\"font-weight: 400;\">El objetivo es hacer que INSPIRE sea universalmente reconocido como el recurso de para los gobiernos, agencias de ayuda bilateral, otras agencias de la ONU y Organizaciones de la Sociedad Civil que se comprometen a poner fin a la violencia contra los ni\u00f1os. Los programas de salud p\u00fablica m\u00e1s efectivos son aquellos que se basan en un paquete t\u00e9cnico basado en la evidencia. Como lo ejemplifica INSPIRE, un paquete t\u00e9cnico es un grupo seleccionado de intervenciones relacionadas que juntas lograr\u00e1n y sostendr\u00e1n mejoras sustanciales en un resultado espec\u00edfico. Un paquete t\u00e9cnico de intervenciones comprobadas agudiza y enfoca lo que de otra manera podr\u00edan ser compromisos vagos a la \u00abacci\u00f3n\u00bb al aceptar la implementaci\u00f3n de intervenciones espec\u00edficas que se sabe son efectivas. Tambi\u00e9n evita un enfoque de dispersi\u00f3n de la utilizaci\u00f3n de un gran n\u00famero de intervenciones, muchas de las cuales tienen un impacto peque\u00f1o.<\/span>[\/vc_column_text][\/vc_accordion_tab][vc_accordion_tab title=\u00bb\u00bfQui\u00e9n deber\u00eda implementar las estrategias de INSPIRE?\u00bb][vc_column_text]<span style=\"font-weight: 400;\">Donde sea posible, las estrategias de INSPIRE deben ser implementadas por las estructuras estatales. Sin embargo, se reconoce que en muchos casos los implementadores ser\u00e1n una combinaci\u00f3n de organizaciones gubernamentales y no gubernamentales, y en algunos entornos pueden ser organizaciones predominantemente no gubernamentales. Los diferentes sectores son relevantes para implementar cada una de las estrategias y la Tabla 1 en la p\u00e1gina 24 del documento central INSPIRE enumera estos sectores por estrategia. A trav\u00e9s de todas las estrategias:<\/span><\/p>\n<ul>\n<li><span style=\"font-weight: 400;\"> se necesitan creadores de pol\u00edticas p\u00fablicas y legisladores para construir un ambiente de apoyo y generar el compromiso necesario para una acci\u00f3n integral y multisectorial;<\/span><\/li>\n<li><span style=\"font-weight: 400;\"> se necesitan planificadores y personal t\u00e9cnico dentro de los ministerios, sectores de servicios o Sociedad Civil para informar los planes de acci\u00f3n nacionales para abordar la violencia contra los ni\u00f1os;<\/span><\/li>\n<li><span style=\"font-weight: 400;\"> los profesionales e implementadores de pol\u00edticas, programas y servicios de prevenci\u00f3n y respuesta a la violencia deben aplicar una gu\u00eda respaldada por evidencia para una acci\u00f3n efectiva y una buena pr\u00e1ctica;<\/span><\/li>\n<li><span style=\"font-weight: 400;\"> se necesitan financiadores de iniciativas sociales, econ\u00f3micas, humanitarias y de la Sociedad Civil para desarrollar carteras que incluyan estrategias de prevenci\u00f3n y respuesta a la violencia que se refuercen mutuamente, est\u00e9n respaldadas por evidencia y sean rentables a largo plazo, y<\/span><\/li>\n<li><span style=\"font-weight: 400;\"> se requieren defensores que puedan obtener apoyo para los compromisos multisectoriales financiados para implementar INSPIRE.<\/span><\/li>\n<\/ul>\n<p>[\/vc_column_text][\/vc_accordion_tab][vc_accordion_tab title=\u00bb\u00bfC\u00f3mo se puede medir el progreso y el impacto de INSPIRE?\u00bb][vc_column_text]<span style=\"font-weight: 400;\">El Marco de orientaci\u00f3n y resultados de indicadores de INSPIRE proporciona un conjunto b\u00e1sico de indicadores y un marco de resultados para apoyar a los gobiernos y las organizaciones a monitorear la prevalencia de la violencia, los factores de riesgo y de protecci\u00f3n, y la implementaci\u00f3n y el impacto de las estrategias de INSPIRE. Se proporcionan indicadores para cada una de las siete estrategias y para la acci\u00f3n multisectorial, el monitoreo y la evaluaci\u00f3n. Los indicadores est\u00e1n dise\u00f1ados para su uso a nivel nacional y subnacional. Los datos para la mayor\u00eda de los indicadores se pueden obtener utilizando las preguntas de los instrumentos de encuesta existentes que se destacan en la gu\u00eda.<\/span>[\/vc_column_text][\/vc_accordion_tab][vc_accordion_tab title=\u00bb\u00bfCu\u00e1ndo se actualizar\u00e1 INSPIRE?\u00bb][vc_column_text]<span style=\"font-weight: 400;\">INSPIRE es un documento din\u00e1mico: la evidencia sobre lo que funciona evolucionar\u00e1 y crecer\u00e1 con el tiempo a medida que los gobiernos y otras organizaciones implementen las estrategias INSPIRE. INSPIRE se revisar\u00e1 cuando se considere que se ha publicado suficiente evidencia cient\u00edfica nueva para justificar nuevas revisiones sistem\u00e1ticas de la evidencia para las intervenciones dentro de cada una de las estrategias. El proceso de revisi\u00f3n aplicar\u00e1 los mismos criterios de efectividad que se utilizaron en la primera edici\u00f3n. Se anticipa que las revisiones para informar una segunda edici\u00f3n de INSPIRE comenzar\u00e1n en 2020.<\/span>[\/vc_column_text][\/vc_accordion_tab][\/vc_accordion][\/vc_column][\/vc_row][vc_row][vc_column][rs_space lg_device=\u00bb100&#8243; md_device=\u00bb\u00bb sm_device=\u00bb50&#8243; xs_device=\u00bb30&#8243;][\/vc_column][\/vc_row]<\/p>\n","protected":false},"excerpt":{"rendered":"<p>[vc_row][vc_column][rs_space lg_device=\u00bb100&#8243; md_device=\u00bb\u00bb sm_device=\u00bb50&#8243; xs_device=\u00bb30&#8243;][rs_section_heading big_heading=\u00bbPreguntas Frecuentes\u00bb][rs_space lg_device=\u00bb40&#8243; md_device=\u00bb\u00bb sm_device=\u00bb30&#8243; xs_device=\u00bb\u00bb][\/vc_column][\/vc_row][vc_row][vc_column][vc_accordion active=\u00bb1&#8243;][vc_accordion_tab title=\u00bb\u00bfQu\u00e9 es INSPIRE y el paquete t\u00e9cnico de INSPIRE?\u00bb][vc_column_text]Siete estrategias para poner fin a la violencia contra los ni\u00f1os es un paquete t\u00e9cnico basado en la evidencia para apoyar a los pa\u00edses en sus esfuerzos para prevenir y responder a la violencia contra &hellip; <\/p>\n<p class=\"link-more\"><a href=\"https:\/\/redporlainfancia.org\/inspire\/faq\/\" class=\"more-link\">Continuar leyendo<span class=\"screen-reader-text\"> \u00abFAQ\u00bb<\/span><\/a><\/p>\n","protected":false},"author":1,"featured_media":0,"parent":0,"menu_order":0,"comment_status":"closed","ping_status":"closed","template":"","meta":{"footnotes":""},"class_list":["post-135","page","type-page","status-publish","hentry"],"_links":{"self":[{"href":"https:\/\/redporlainfancia.org\/inspire\/wp-json\/wp\/v2\/pages\/135","targetHints":{"allow":["GET"]}}],"collection":[{"href":"https:\/\/redporlainfancia.org\/inspire\/wp-json\/wp\/v2\/pages"}],"about":[{"href":"https:\/\/redporlainfancia.org\/inspire\/wp-json\/wp\/v2\/types\/page"}],"author":[{"embeddable":true,"href":"https:\/\/redporlainfancia.org\/inspire\/wp-json\/wp\/v2\/users\/1"}],"replies":[{"embeddable":true,"href":"https:\/\/redporlainfancia.org\/inspire\/wp-json\/wp\/v2\/comments?post=135"}],"version-history":[{"count":5,"href":"https:\/\/redporlainfancia.org\/inspire\/wp-json\/wp\/v2\/pages\/135\/revisions"}],"predecessor-version":[{"id":2155,"href":"https:\/\/redporlainfancia.org\/inspire\/wp-json\/wp\/v2\/pages\/135\/revisions\/2155"}],"wp:attachment":[{"href":"https:\/\/redporlainfancia.org\/inspire\/wp-json\/wp\/v2\/media?parent=135"}],"curies":[{"name":"wp","href":"https:\/\/api.w.org\/{rel}","templated":true}]}}