{"id":376,"date":"2016-11-17T04:38:32","date_gmt":"2016-11-17T04:38:32","guid":{"rendered":"http:\/\/themebubble.com\/demo\/marketingpro\/?page_id=376"},"modified":"2019-04-28T05:02:48","modified_gmt":"2019-04-28T03:02:48","slug":"quiero-ser-sponsor","status":"publish","type":"page","link":"https:\/\/redporlainfancia.org\/inspire\/quiero-ser-sponsor\/","title":{"rendered":"Sponsor"},"content":{"rendered":"<p>[vc_row][vc_column][rs_space lg_device=\u00bb95&#8243; md_device=\u00bb\u00bb sm_device=\u00bb50&#8243; xs_device=\u00bb30&#8243;][\/vc_column][\/vc_row][vc_row][vc_column width=\u00bb1\/2&#8243;][rs_image_block shadow=\u00bbno\u00bb image=\u00bb2239&#8243;][\/vc_column][vc_column width=\u00bb1\/2&#8243;][rs_space lg_device=\u00bb20&#8243; md_device=\u00bb\u00bb sm_device=\u00bb\u00bb xs_device=\u00bb\u00bb][rs_special_text tag=\u00bbh3&#8243; font_weight=\u00bb700&#8243; font_size=\u00bb30px\u00bb font_color=\u00bb#30373b\u00bb]\u00a1Quiero ser sponsor![\/rs_special_text][rs_space lg_device=\u00bb20&#8243; md_device=\u00bb\u00bb sm_device=\u00bb\u00bb xs_device=\u00bb\u00bb][vc_column_text]<span style=\"font-weight: 400;\">Si quer\u00e9s apoyar la \u201cJornada Nacional: Estrategias para la Erradicaci\u00f3n de la Violencia en la Infancia\u201d y sumarte a la campa\u00f1a INSPIRE escribinos a <\/span><a href=\"mailto:mariapazo@redporlainfancia.org\"><span style=\"font-weight: 400;\">mariapazo@redporlainfancia.org<\/span><\/a><span style=\"font-weight: 400;\">. Conoc\u00e9 m\u00e1s sobre esta iniciativa y trabajemos juntos para proteger el futuro de los ni\u00f1os y ni\u00f1as y que m\u00e1s nos necesitan.<\/span>[\/vc_column_text][rs_space lg_device=\u00bb30&#8243; md_device=\u00bb\u00bb sm_device=\u00bb\u00bb xs_device=\u00bb\u00bb][vc_column_text]<strong>Nos ayudan a impulsar INSPIRE<\/strong>[\/vc_column_text][rs_space lg_device=\u00bb30&#8243; md_device=\u00bb\u00bb sm_device=\u00bb\u00bb xs_device=\u00bb\u00bb][vc_row_inner][vc_column_inner width=\u00bb1\/2&#8243;][vc_single_image image=\u00bb2250&#8243; img_size=\u00bb\u00bb][\/vc_column_inner][vc_column_inner width=\u00bb1\/2&#8243;][vc_single_image image=\u00bb2245&#8243; img_size=\u00bb\u00bb][\/vc_column_inner][\/vc_row_inner][\/vc_column][\/vc_row][vc_row][vc_column][rs_space lg_device=\u00bb50&#8243; md_device=\u00bb\u00bb sm_device=\u00bb\u00bb xs_device=\u00bb\u00bb][vc_single_image image=\u00bb2210&#8243; img_size=\u00bbfull\u00bb alignment=\u00bbcenter\u00bb][\/vc_column][\/vc_row]<\/p>\n","protected":false},"excerpt":{"rendered":"<p>[vc_row][vc_column][rs_space lg_device=\u00bb95&#8243; md_device=\u00bb\u00bb sm_device=\u00bb50&#8243; xs_device=\u00bb30&#8243;][\/vc_column][\/vc_row][vc_row][vc_column width=\u00bb1\/2&#8243;][rs_image_block shadow=\u00bbno\u00bb image=\u00bb2239&#8243;][\/vc_column][vc_column width=\u00bb1\/2&#8243;][rs_space lg_device=\u00bb20&#8243; md_device=\u00bb\u00bb sm_device=\u00bb\u00bb xs_device=\u00bb\u00bb][rs_special_text tag=\u00bbh3&#8243; font_weight=\u00bb700&#8243; font_size=\u00bb30px\u00bb font_color=\u00bb#30373b\u00bb]\u00a1Quiero ser sponsor![\/rs_special_text][rs_space lg_device=\u00bb20&#8243; md_device=\u00bb\u00bb sm_device=\u00bb\u00bb xs_device=\u00bb\u00bb][vc_column_text]Si quer\u00e9s apoyar la \u201cJornada Nacional: Estrategias para la Erradicaci\u00f3n de la Violencia en la Infancia\u201d y sumarte a la campa\u00f1a INSPIRE escribinos a mariapazo@redporlainfancia.org. Conoc\u00e9 m\u00e1s sobre esta iniciativa y trabajemos juntos &hellip; <\/p>\n<p class=\"link-more\"><a href=\"https:\/\/redporlainfancia.org\/inspire\/quiero-ser-sponsor\/\" class=\"more-link\">Continuar leyendo<span class=\"screen-reader-text\"> \u00abSponsor\u00bb<\/span><\/a><\/p>\n","protected":false},"author":1,"featured_media":0,"parent":0,"menu_order":0,"comment_status":"closed","ping_status":"closed","template":"","meta":{"footnotes":""},"class_list":["post-376","page","type-page","status-publish","hentry"],"_links":{"self":[{"href":"https:\/\/redporlainfancia.org\/inspire\/wp-json\/wp\/v2\/pages\/376","targetHints":{"allow":["GET"]}}],"collection":[{"href":"https:\/\/redporlainfancia.org\/inspire\/wp-json\/wp\/v2\/pages"}],"about":[{"href":"https:\/\/redporlainfancia.org\/inspire\/wp-json\/wp\/v2\/types\/page"}],"author":[{"embeddable":true,"href":"https:\/\/redporlainfancia.org\/inspire\/wp-json\/wp\/v2\/users\/1"}],"replies":[{"embeddable":true,"href":"https:\/\/redporlainfancia.org\/inspire\/wp-json\/wp\/v2\/comments?post=376"}],"version-history":[{"count":18,"href":"https:\/\/redporlainfancia.org\/inspire\/wp-json\/wp\/v2\/pages\/376\/revisions"}],"predecessor-version":[{"id":2253,"href":"https:\/\/redporlainfancia.org\/inspire\/wp-json\/wp\/v2\/pages\/376\/revisions\/2253"}],"wp:attachment":[{"href":"https:\/\/redporlainfancia.org\/inspire\/wp-json\/wp\/v2\/media?parent=376"}],"curies":[{"name":"wp","href":"https:\/\/api.w.org\/{rel}","templated":true}]}}